{"id":445,"date":"2025-06-04T13:58:03","date_gmt":"2025-06-04T17:58:03","guid":{"rendered":"http:\/\/avantagescamionneurs.com\/?page_id=445"},"modified":"2025-06-04T18:58:00","modified_gmt":"2025-06-04T22:58:00","slug":"formulaire-de-commentaires","status":"publish","type":"page","link":"https:\/\/avantagescamionneurs.com\/en\/formulaire-de-commentaires\/","title":{"rendered":"Formulaire de Commentaires"},"content":{"rendered":"<div data-elementor-type=\"wp-page\" data-elementor-id=\"445\" class=\"elementor elementor-445\" data-elementor-post-type=\"page\">\n\t\t\t\t<div data-particle_enable=\"false\" data-particle-mobile-disabled=\"false\" class=\"elementor-element elementor-element-d7b9973 e-flex e-con-boxed e-con e-parent\" data-id=\"d7b9973\" data-element_type=\"container\">\n\t\t\t\t\t<div class=\"e-con-inner\">\n\t\t\t\t<div class=\"elementor-element elementor-element-07ca219 elementor-widget elementor-widget-spacer\" data-id=\"07ca219\" data-element_type=\"widget\" data-widget_type=\"spacer.default\">\n\t\t\t\t<div class=\"elementor-widget-container\">\n\t\t\t\t\t\t\t<div class=\"elementor-spacer\">\n\t\t\t<div class=\"elementor-spacer-inner\"><\/div>\n\t\t<\/div>\n\t\t\t\t\t\t<\/div>\n\t\t\t\t<\/div>\n\t\t\t\t<div class=\"elementor-element elementor-element-8b2e38b elementor-widget elementor-widget-heading\" data-id=\"8b2e38b\" data-element_type=\"widget\" data-widget_type=\"heading.default\">\n\t\t\t\t<div class=\"elementor-widget-container\">\n\t\t\t\t\t<h2 class=\"elementor-heading-title elementor-size-default\">Comment form<\/h2>\t\t\t\t<\/div>\n\t\t\t\t<\/div>\n\t\t\t\t<div class=\"elementor-element elementor-element-f80e2ba elementor-widget elementor-widget-heading\" data-id=\"f80e2ba\" data-element_type=\"widget\" data-widget_type=\"heading.default\">\n\t\t\t\t<div class=\"elementor-widget-container\">\n\t\t\t\t\t<h2 class=\"elementor-heading-title elementor-size-default\">Leave us a comment to let us know how your experience went!<\/h2>\t\t\t\t<\/div>\n\t\t\t\t<\/div>\n\t\t<div data-particle_enable=\"false\" data-particle-mobile-disabled=\"false\" data-dce-background-color=\"#F5F5F5\" class=\"elementor-element elementor-element-0eee40d e-con-full e-flex e-con e-child\" data-id=\"0eee40d\" data-element_type=\"container\" data-settings=\"{&quot;background_background&quot;:&quot;classic&quot;}\">\n\t\t\t\t<div class=\"elementor-element elementor-element-0a5bfc1 elementor-widget elementor-widget-site_reviews_form\" data-id=\"0a5bfc1\" data-element_type=\"widget\" data-widget_type=\"site_reviews_form.default\">\n\t\t\t\t<div class=\"elementor-widget-container\">\n\t\t\t\t\t<div class=\"glsr glsr-bootstrap\" id=\"glsr_ceb8693c\" style=\"--gl-rating-color-0:#CCCCCC;--gl-rating-color-1:#FFCF02;--gl-rating-color-2:#FFCF02;--gl-rating-color-3:#FFCF02;--gl-rating-color-4:#FFCF02;--gl-rating-color-5:#FFCF02;\" data-from=\"elementor\" data-shortcode=\"site_reviews_form\" data-hide=\"title,email\" data-theme=\"453\" data-form=\"0\"><div class=\"glsr-form-wrap\">\n    <form class=\"glsr-review-form glsr-form\" method=\"post\" enctype=\"multipart\/form-data\" action=\"\">\n        <input type=\"hidden\" name=\"site-reviews[_action]\" value=\"submit-review\" \/>\n<input type=\"hidden\" name=\"site-reviews[_nonce]\" value=\"4b33a67de9\" \/>\n<input type=\"hidden\" name=\"site-reviews[_post_id]\" value=\"445\" \/>\n<input type=\"hidden\" name=\"site-reviews[_referer]\" value=\"\" \/>\n<input type=\"hidden\" name=\"site-reviews[assigned_posts]\" value=\"\" \/>\n<input type=\"hidden\" name=\"site-reviews[assigned_terms]\" value=\"\" \/>\n<input type=\"hidden\" name=\"site-reviews[assigned_users]\" value=\"\" \/>\n<input type=\"hidden\" name=\"site-reviews[excluded]\" value=\"title, email\" \/>\n<input type=\"hidden\" name=\"site-reviews[form_id]\" value=\"glsr_ceb8693c\" \/>\n<input type=\"hidden\" name=\"site-reviews[terms_exist]\" value=\"1\" \/>\n<input type=\"hidden\" name=\"site-reviews[form_signature]\" value=\"gQUAcVenpQjAeyYBziz9lU63X-ufH__tLG1i_VwfCaSM-IO8VSF_bAqdg8FPJoqlJiSnGAZ87uEVij3Njl2aQtS67bWrTnR33Nuv_-f6nfTBxcA61Y_DsMymFmt6rKO51dKQZvnodQzGk8sMfQd7WzgRel6kQ9RssQGQsUBaFhDC61qBRZUj-Vgwkny2Vb8r6-dq_KC1PkhTLh1CrNkadJjcc9xMyhHvKEUc5PwvAQTCqknaYAs_Oc-Rzx2N4ipjWgQS9hj6WKeJqaPP7znvs_vYXqzvpKErCBQBAxtJnaTNbgAFKbTOvlp0ldLecW7oipsFqoO3qmLTH4Qu0LtXdD_wVNec02HzOMaI3nJfTnP3ubJYAPLzMDRoz3n_EnDMYXWfvawvMvYGOMy7jpnYUafm7vw49QJIOPW2Nf0RKvI\" \/>\n<div class=\"glsr-field form-group\" style=\"display:none;\"><label for=\"site-reviews-e0998c2b-glsr_ceb8693c\">Your comments<\/label><input type=\"text\" class=\"glsr-input glsr-input-text\" id=\"site-reviews-e0998c2b-glsr_ceb8693c\" name=\"site-reviews[e0998c2b]\" value=\"\" \/><\/div>\n<div class=\"glsr-field form-group glsr-field-rating glsr-required\" data-field=\"rating\">\n    <label class=\"glsr-label form-label\" for=\"glsr_ceb8693c-rating\">\n    <span>Your overall rating<\/span>\n<\/label>\n    <span class=\"glsr-star-rating\"><select class=\"form-select browser-default disable-select no_wrap no-wrap glsr-select\" id=\"glsr_ceb8693c-rating\" data-options=\"{&quot;prebuilt&quot;:true}\" name=\"site-reviews[rating]\" required><option value=\"\">Select a Rating<\/option><option value=\"5\">5 Stars<\/option><option value=\"4\">4 Stars<\/option><option value=\"3\">3 Stars<\/option><option value=\"2\">2 Stars<\/option><option value=\"1\">1 Star<\/option><\/select><span class=\"glsr-star-rating--stars\" data-stars=\"rating-star\"><span data-index=\"0\" data-value=\"1\"><svg data-svg=\"outline\" xmlns=\"http:\/\/www.w3.org\/2000\/svg\" viewbox=\"0 0 20 20\"><path class=\"gl-rating-half\" fill=\"none\" d=\"M9.959 1.134L7.487 7.576a.01.01 0 01-.008.006l-6.87.364a.01.01 0 00-.005.017l5.363 4.348a.01.01 0 01.004.01l-1.786 6.654a.01.01 0 00.016.011l5.796-3.73a.01.01 0 00.004-.008l-.023-14.11a.01.01 0 00-.02-.004z\"\/><path class=\"gl-rating-full\" fill=\"none\" stroke=\"currentColor\" d=\"M12.469 7.576L9.987 1.108a.01.01 0 00-.018 0L7.487 7.576a.01.01 0 01-.008.006l-6.87.364a.01.01 0 00-.005.017l5.363 4.348a.01.01 0 01.004.01l-1.786 6.654a.01.01 0 00.016.011l5.795-3.729a.01.01 0 01.01 0l5.796 3.729a.01.01 0 00.015-.011l-1.785-6.654a.01.01 0 01.004-.01l5.36-4.345a.01.01 0 00-.005-.018l-6.913-.366a.01.01 0 01-.01-.006z\"\/><\/svg><\/span><span data-index=\"1\" data-value=\"2\"><svg data-svg=\"outline\" xmlns=\"http:\/\/www.w3.org\/2000\/svg\" viewbox=\"0 0 20 20\"><path class=\"gl-rating-half\" fill=\"none\" d=\"M9.959 1.134L7.487 7.576a.01.01 0 01-.008.006l-6.87.364a.01.01 0 00-.005.017l5.363 4.348a.01.01 0 01.004.01l-1.786 6.654a.01.01 0 00.016.011l5.796-3.73a.01.01 0 00.004-.008l-.023-14.11a.01.01 0 00-.02-.004z\"\/><path class=\"gl-rating-full\" fill=\"none\" stroke=\"currentColor\" d=\"M12.469 7.576L9.987 1.108a.01.01 0 00-.018 0L7.487 7.576a.01.01 0 01-.008.006l-6.87.364a.01.01 0 00-.005.017l5.363 4.348a.01.01 0 01.004.01l-1.786 6.654a.01.01 0 00.016.011l5.795-3.729a.01.01 0 01.01 0l5.796 3.729a.01.01 0 00.015-.011l-1.785-6.654a.01.01 0 01.004-.01l5.36-4.345a.01.01 0 00-.005-.018l-6.913-.366a.01.01 0 01-.01-.006z\"\/><\/svg><\/span><span data-index=\"2\" data-value=\"3\"><svg data-svg=\"outline\" xmlns=\"http:\/\/www.w3.org\/2000\/svg\" viewbox=\"0 0 20 20\"><path class=\"gl-rating-half\" fill=\"none\" d=\"M9.959 1.134L7.487 7.576a.01.01 0 01-.008.006l-6.87.364a.01.01 0 00-.005.017l5.363 4.348a.01.01 0 01.004.01l-1.786 6.654a.01.01 0 00.016.011l5.796-3.73a.01.01 0 00.004-.008l-.023-14.11a.01.01 0 00-.02-.004z\"\/><path class=\"gl-rating-full\" fill=\"none\" stroke=\"currentColor\" d=\"M12.469 7.576L9.987 1.108a.01.01 0 00-.018 0L7.487 7.576a.01.01 0 01-.008.006l-6.87.364a.01.01 0 00-.005.017l5.363 4.348a.01.01 0 01.004.01l-1.786 6.654a.01.01 0 00.016.011l5.795-3.729a.01.01 0 01.01 0l5.796 3.729a.01.01 0 00.015-.011l-1.785-6.654a.01.01 0 01.004-.01l5.36-4.345a.01.01 0 00-.005-.018l-6.913-.366a.01.01 0 01-.01-.006z\"\/><\/svg><\/span><span data-index=\"3\" data-value=\"4\"><svg data-svg=\"outline\" xmlns=\"http:\/\/www.w3.org\/2000\/svg\" viewbox=\"0 0 20 20\"><path class=\"gl-rating-half\" fill=\"none\" d=\"M9.959 1.134L7.487 7.576a.01.01 0 01-.008.006l-6.87.364a.01.01 0 00-.005.017l5.363 4.348a.01.01 0 01.004.01l-1.786 6.654a.01.01 0 00.016.011l5.796-3.73a.01.01 0 00.004-.008l-.023-14.11a.01.01 0 00-.02-.004z\"\/><path class=\"gl-rating-full\" fill=\"none\" stroke=\"currentColor\" d=\"M12.469 7.576L9.987 1.108a.01.01 0 00-.018 0L7.487 7.576a.01.01 0 01-.008.006l-6.87.364a.01.01 0 00-.005.017l5.363 4.348a.01.01 0 01.004.01l-1.786 6.654a.01.01 0 00.016.011l5.795-3.729a.01.01 0 01.01 0l5.796 3.729a.01.01 0 00.015-.011l-1.785-6.654a.01.01 0 01.004-.01l5.36-4.345a.01.01 0 00-.005-.018l-6.913-.366a.01.01 0 01-.01-.006z\"\/><\/svg><\/span><span data-index=\"4\" data-value=\"5\"><svg data-svg=\"outline\" xmlns=\"http:\/\/www.w3.org\/2000\/svg\" viewbox=\"0 0 20 20\"><path class=\"gl-rating-half\" fill=\"none\" d=\"M9.959 1.134L7.487 7.576a.01.01 0 01-.008.006l-6.87.364a.01.01 0 00-.005.017l5.363 4.348a.01.01 0 01.004.01l-1.786 6.654a.01.01 0 00.016.011l5.796-3.73a.01.01 0 00.004-.008l-.023-14.11a.01.01 0 00-.02-.004z\"\/><path class=\"gl-rating-full\" fill=\"none\" stroke=\"currentColor\" d=\"M12.469 7.576L9.987 1.108a.01.01 0 00-.018 0L7.487 7.576a.01.01 0 01-.008.006l-6.87.364a.01.01 0 00-.005.017l5.363 4.348a.01.01 0 01.004.01l-1.786 6.654a.01.01 0 00.016.011l5.795-3.729a.01.01 0 01.01 0l5.796 3.729a.01.01 0 00.015-.011l-1.785-6.654a.01.01 0 01.004-.01l5.36-4.345a.01.01 0 00-.005-.018l-6.913-.366a.01.01 0 01-.01-.006z\"\/><\/svg><\/span><\/span><\/span>\n    <div class=\"glsr-field-error invalid-feedback\"><\/div>\n<\/div>\n<div class=\"glsr-field form-group glsr-field-textarea glsr-required\" data-field=\"content\">\n    <label class=\"glsr-label form-label\" for=\"glsr_ceb8693c-content\">\n    <span>Your comments<\/span>\n<\/label>\n    <textarea class=\"form-control glsr-textarea\" id=\"glsr_ceb8693c-content\" name=\"site-reviews[content]\" required placeholder=\"Tell people your review\" rows=\"5\"><\/textarea>\n    <div class=\"glsr-field-error invalid-feedback\"><\/div>\n<\/div>\n<div class=\"glsr-field form-group glsr-field-text glsr-required\" data-field=\"name\">\n    <label class=\"glsr-label form-label\" for=\"glsr_ceb8693c-name\">\n    <span>Your name<\/span>\n<\/label>\n    <input type=\"text\" class=\"form-control glsr-input glsr-input-text\" id=\"glsr_ceb8693c-name\" name=\"site-reviews[name]\" required placeholder=\"Tell us your name\" value=\"\" \/>\n    <div class=\"glsr-field-error invalid-feedback\"><\/div>\n<\/div>\n<div class=\"glsr-field form-group glsr-field-choice\" data-field=\"terms\">\n    \n    <div class=\"form-check form-switch glsr-field-toggle\">\n    <input type=\"checkbox\" class=\"form-check-input glsr-input-toggle\" id=\"glsr_ceb8693c-terms-1\" name=\"site-reviews[terms]\" value=\"1\" \/>\n    <label class=\"form-check-label\" for=\"glsr_ceb8693c-terms-1\">This comment is based on my own experience and represents my sincere opinion.<\/label>\n<\/div>\n    <div class=\"glsr-field-error invalid-feedback\"><\/div>\n<\/div>\n        <div class=\"glsr-captcha-holder\"><\/div><div class=\"glsr-form-message alert\">\n    \n<\/div>\n        <div data-field=\"submit-button\">\n    <div class=\"wp-block-buttons is-layout-flex\">\n        <div class=\"wp-block-button\">\n            <button type=\"submit\" class=\"glsr-button wp-block-button__link wp-element-button btn btn-primary\" aria-busy=\"false\" data-loading=\"Submitting, please wait...\">Submit my comment<\/button>\n        <\/div>\n    <\/div>\n<\/div>\n    <input type=\"hidden\" name=\"trp-form-language\" value=\"en\"\/><\/form>\n<\/div><\/div>\t\t\t\t<\/div>\n\t\t\t\t<\/div>\n\t\t\t\t<\/div>\n\t\t\t\t\t<\/div>\n\t\t\t\t<\/div>\n\t\t\t\t<\/div>","protected":false},"excerpt":{"rendered":"<p>Formulaire de Commentaire Laissez-nous un commentaire pour nous laissez savoir comment c&rsquo;est pass\u00e9 votre exp\u00e9rience ! Votre commentaire Votre note globale Select a Rating5 Stars4 Stars3 Stars2 Stars1 Star Votre commentaire Votre nom Ce commentaire est bas\u00e9 sur ma propre exp\u00e9rience et repr\u00e9sente mon opinion sinc\u00e8re. Soumettre mon commentaire<\/p>","protected":false},"author":1,"featured_media":0,"parent":0,"menu_order":0,"comment_status":"closed","ping_status":"closed","template":"","meta":{"_seopress_robots_primary_cat":"","_seopress_titles_title":"","_seopress_titles_desc":"","_seopress_robots_index":"","_glsr_average":0,"_glsr_ranking":0,"_glsr_reviews":0,"footnotes":""},"class_list":["post-445","page","type-page","status-publish","hentry"],"_links":{"self":[{"href":"https:\/\/avantagescamionneurs.com\/en\/wp-json\/wp\/v2\/pages\/445","targetHints":{"allow":["GET"]}}],"collection":[{"href":"https:\/\/avantagescamionneurs.com\/en\/wp-json\/wp\/v2\/pages"}],"about":[{"href":"https:\/\/avantagescamionneurs.com\/en\/wp-json\/wp\/v2\/types\/page"}],"author":[{"embeddable":true,"href":"https:\/\/avantagescamionneurs.com\/en\/wp-json\/wp\/v2\/users\/1"}],"replies":[{"embeddable":true,"href":"https:\/\/avantagescamionneurs.com\/en\/wp-json\/wp\/v2\/comments?post=445"}],"version-history":[{"count":0,"href":"https:\/\/avantagescamionneurs.com\/en\/wp-json\/wp\/v2\/pages\/445\/revisions"}],"wp:attachment":[{"href":"https:\/\/avantagescamionneurs.com\/en\/wp-json\/wp\/v2\/media?parent=445"}],"curies":[{"name":"wp","href":"https:\/\/api.w.org\/{rel}","templated":true}]}}