{"id":90,"date":"2025-06-02T19:58:31","date_gmt":"2025-06-02T23:58:31","guid":{"rendered":"http:\/\/avantagescamionneurs.com\/?page_id=90"},"modified":"2025-07-18T13:48:41","modified_gmt":"2025-07-18T17:48:41","slug":"a-propos","status":"publish","type":"page","link":"https:\/\/avantagescamionneurs.com\/en\/a-propos\/","title":{"rendered":"About us"},"content":{"rendered":"<div data-elementor-type=\"wp-page\" data-elementor-id=\"90\" class=\"elementor elementor-90\" data-elementor-post-type=\"page\">\n\t\t\t\t<div data-particle_enable=\"false\" data-particle-mobile-disabled=\"false\" class=\"elementor-element elementor-element-cde8800 e-flex e-con-boxed e-con e-parent\" data-id=\"cde8800\" data-element_type=\"container\">\n\t\t\t\t\t<div class=\"e-con-inner\">\n\t\t\t\t<div class=\"elementor-element elementor-element-1379158 elementor-widget elementor-widget-spacer\" data-id=\"1379158\" data-element_type=\"widget\" data-widget_type=\"spacer.default\">\n\t\t\t\t<div class=\"elementor-widget-container\">\n\t\t\t\t\t\t\t<div class=\"elementor-spacer\">\n\t\t\t<div class=\"elementor-spacer-inner\"><\/div>\n\t\t<\/div>\n\t\t\t\t\t\t<\/div>\n\t\t\t\t<\/div>\n\t\t\t\t<div class=\"elementor-element elementor-element-e5c3fe2 elementor-widget elementor-widget-heading\" data-id=\"e5c3fe2\" data-element_type=\"widget\" data-widget_type=\"heading.default\">\n\t\t\t\t<div class=\"elementor-widget-container\">\n\t\t\t\t\t<h2 class=\"elementor-heading-title elementor-size-default\">About us<\/h2>\t\t\t\t<\/div>\n\t\t\t\t<\/div>\n\t\t\t\t<div class=\"elementor-element elementor-element-7c722b6 elementor-widget elementor-widget-heading\" data-id=\"7c722b6\" data-element_type=\"widget\" data-widget_type=\"heading.default\">\n\t\t\t\t<div class=\"elementor-widget-container\">\n\t\t\t\t\t<h2 class=\"elementor-heading-title elementor-size-default\">Behind \"Avantages Camionneurs\", a passionate and experienced team works every day to offer you quality services adapted to the realities of transport.<\/h2>\t\t\t\t<\/div>\n\t\t\t\t<\/div>\n\t\t\t\t\t<\/div>\n\t\t\t\t<\/div>\n\t\t<div data-particle_enable=\"false\" data-particle-mobile-disabled=\"false\" class=\"elementor-element elementor-element-8ffad24 e-flex e-con-boxed e-con e-parent\" data-id=\"8ffad24\" data-element_type=\"container\">\n\t\t\t\t\t<div class=\"e-con-inner\">\n\t\t\t\t<div class=\"elementor-element elementor-element-5b5231c elementor-widget elementor-widget-spacer\" data-id=\"5b5231c\" data-element_type=\"widget\" data-widget_type=\"spacer.default\">\n\t\t\t\t<div class=\"elementor-widget-container\">\n\t\t\t\t\t\t\t<div class=\"elementor-spacer\">\n\t\t\t<div class=\"elementor-spacer-inner\"><\/div>\n\t\t<\/div>\n\t\t\t\t\t\t<\/div>\n\t\t\t\t<\/div>\n\t\t\t\t\t<\/div>\n\t\t\t\t<\/div>\n\t\t<div data-particle_enable=\"false\" data-particle-mobile-disabled=\"false\" class=\"elementor-element elementor-element-9536ac9 e-flex e-con-boxed e-con e-parent\" data-id=\"9536ac9\" data-element_type=\"container\">\n\t\t\t\t\t<div class=\"e-con-inner\">\n\t\t<div data-particle_enable=\"false\" data-particle-mobile-disabled=\"false\" class=\"elementor-element elementor-element-3ba4a7c e-con-full e-flex e-con e-child\" data-id=\"3ba4a7c\" data-element_type=\"container\">\n\t\t\t\t<div class=\"elementor-element elementor-element-61b5041 dce_masking-none elementor-widget elementor-widget-image\" data-id=\"61b5041\" data-element_type=\"widget\" data-widget_type=\"image.default\">\n\t\t\t\t<div class=\"elementor-widget-container\">\n\t\t\t\t\t\t\t\t\t\t\t\t\t\t\t<img alt=\"\" fetchpriority=\"high\" decoding=\"async\" width=\"683\" height=\"1024\" src=\"https:\/\/avantagescamionneurs.com\/wp-content\/uploads\/2025\/07\/Michel-683x1024.jpg\" class=\"attachment-large size-large wp-image-778\" srcset=\"https:\/\/avantagescamionneurs.com\/wp-content\/uploads\/2025\/07\/Michel-683x1024.jpg 683w, https:\/\/avantagescamionneurs.com\/wp-content\/uploads\/2025\/07\/Michel-200x300.jpg 200w, https:\/\/avantagescamionneurs.com\/wp-content\/uploads\/2025\/07\/Michel-768x1152.jpg 768w, https:\/\/avantagescamionneurs.com\/wp-content\/uploads\/2025\/07\/Michel-8x12.jpg 8w, https:\/\/avantagescamionneurs.com\/wp-content\/uploads\/2025\/07\/Michel.jpg 800w\" sizes=\"(max-width: 683px) 100vw, 683px\" \/>\t\t\t\t\t\t\t\t\t\t\t\t\t\t\t<\/div>\n\t\t\t\t<\/div>\n\t\t\t\t<div class=\"elementor-element elementor-element-6c7c5f7 elementor-widget elementor-widget-heading\" data-id=\"6c7c5f7\" data-element_type=\"widget\" data-widget_type=\"heading.default\">\n\t\t\t\t<div class=\"elementor-widget-container\">\n\t\t\t\t\t<h2 class=\"elementor-heading-title elementor-size-default\">Michel Paquette<\/h2>\t\t\t\t<\/div>\n\t\t\t\t<\/div>\n\t\t\t\t<div class=\"elementor-element elementor-element-0ece82c elementor-widget elementor-widget-spacer\" data-id=\"0ece82c\" data-element_type=\"widget\" data-widget_type=\"spacer.default\">\n\t\t\t\t<div class=\"elementor-widget-container\">\n\t\t\t\t\t\t\t<div class=\"elementor-spacer\">\n\t\t\t<div class=\"elementor-spacer-inner\"><\/div>\n\t\t<\/div>\n\t\t\t\t\t\t<\/div>\n\t\t\t\t<\/div>\n\t\t\t\t<div class=\"elementor-element elementor-element-675ea0e elementor-widget elementor-widget-heading\" data-id=\"675ea0e\" data-element_type=\"widget\" data-widget_type=\"heading.default\">\n\t\t\t\t<div class=\"elementor-widget-container\">\n\t\t\t\t\t<h2 class=\"elementor-heading-title elementor-size-default\">Founder<\/h2>\t\t\t\t<\/div>\n\t\t\t\t<\/div>\n\t\t\t\t<\/div>\n\t\t<div data-particle_enable=\"false\" data-particle-mobile-disabled=\"false\" class=\"elementor-element elementor-element-b2cd647 e-con-full e-flex e-con e-child\" data-id=\"b2cd647\" data-element_type=\"container\">\n\t\t\t\t<div class=\"elementor-element elementor-element-d3f55c4 elementor-widget elementor-widget-heading\" data-id=\"d3f55c4\" data-element_type=\"widget\" data-widget_type=\"heading.default\">\n\t\t\t\t<div class=\"elementor-widget-container\">\n\t\t\t\t\t<p class=\"elementor-heading-title elementor-size-default\">Avantages Camionneurs was founded in 2020 by Michel Paquette, a trucking enthusiast committed to simplifying the lives of truckers and entrepreneurs in the industry. Drawing on his experience in the field, he created a centralized platform bringing together essential services such as financing, insurance, permits, training and much more.\n<br><br>\nOur mission is clear: to provide transportation workers with fast, easy and cost-effective access to all the tools they need to start, manage and grow their business. We believe in a humane, efficient approach that's adapted to the realities of the business.\n<br><br>\nRecognized for its expertise and proximity to the community, Avantages Camionneurs\n continues to evolve every day, serving those who keep our economy moving.<\/p>\t\t\t\t<\/div>\n\t\t\t\t<\/div>\n\t\t\t\t<\/div>\n\t\t\t\t\t<\/div>\n\t\t\t\t<\/div>\n\t\t<div data-particle_enable=\"false\" data-particle-mobile-disabled=\"false\" class=\"elementor-element elementor-element-fe2b9c5 e-flex e-con-boxed e-con e-parent\" data-id=\"fe2b9c5\" data-element_type=\"container\">\n\t\t\t\t\t<div class=\"e-con-inner\">\n\t\t\t\t<div class=\"elementor-element elementor-element-14215f5 elementor-widget elementor-widget-spacer\" data-id=\"14215f5\" data-element_type=\"widget\" data-widget_type=\"spacer.default\">\n\t\t\t\t<div class=\"elementor-widget-container\">\n\t\t\t\t\t\t\t<div class=\"elementor-spacer\">\n\t\t\t<div class=\"elementor-spacer-inner\"><\/div>\n\t\t<\/div>\n\t\t\t\t\t\t<\/div>\n\t\t\t\t<\/div>\n\t\t\t\t\t<\/div>\n\t\t\t\t<\/div>\n\t\t\t\t<\/div>","protected":false},"excerpt":{"rendered":"<p>\u00c0 Propos de nous Derri\u00e8re \u00ab Avantages Camionneurs \u00bb, une \u00e9quipe passionn\u00e9e et exp\u00e9riment\u00e9e \u0153uvre chaque jour pour vous offrir des services de qualit\u00e9 adapt\u00e9s \u00e0 la r\u00e9alit\u00e9 du transport. Michel Paquette Fondateur Avantages Camionneurs a \u00e9t\u00e9 fond\u00e9e en 2020 par Michel Paquette, un passionn\u00e9 du transport routier ayant \u00e0 c\u0153ur de simplifier la vie [&hellip;]<\/p>","protected":false},"author":1,"featured_media":0,"parent":0,"menu_order":0,"comment_status":"closed","ping_status":"closed","template":"","meta":{"_seopress_robots_primary_cat":"","_seopress_titles_title":"","_seopress_titles_desc":"","_seopress_robots_index":"","_glsr_average":0,"_glsr_ranking":0,"_glsr_reviews":0,"footnotes":""},"class_list":["post-90","page","type-page","status-publish","hentry"],"_links":{"self":[{"href":"https:\/\/avantagescamionneurs.com\/en\/wp-json\/wp\/v2\/pages\/90","targetHints":{"allow":["GET"]}}],"collection":[{"href":"https:\/\/avantagescamionneurs.com\/en\/wp-json\/wp\/v2\/pages"}],"about":[{"href":"https:\/\/avantagescamionneurs.com\/en\/wp-json\/wp\/v2\/types\/page"}],"author":[{"embeddable":true,"href":"https:\/\/avantagescamionneurs.com\/en\/wp-json\/wp\/v2\/users\/1"}],"replies":[{"embeddable":true,"href":"https:\/\/avantagescamionneurs.com\/en\/wp-json\/wp\/v2\/comments?post=90"}],"version-history":[{"count":21,"href":"https:\/\/avantagescamionneurs.com\/en\/wp-json\/wp\/v2\/pages\/90\/revisions"}],"predecessor-version":[{"id":806,"href":"https:\/\/avantagescamionneurs.com\/en\/wp-json\/wp\/v2\/pages\/90\/revisions\/806"}],"wp:attachment":[{"href":"https:\/\/avantagescamionneurs.com\/en\/wp-json\/wp\/v2\/media?parent=90"}],"curies":[{"name":"wp","href":"https:\/\/api.w.org\/{rel}","templated":true}]}}